{"id":7304,"date":"2022-01-13T23:52:28","date_gmt":"2022-01-14T04:52:28","guid":{"rendered":"https:\/\/wrmcouncil.org\/?page_id=7304"},"modified":"2022-10-17T23:52:57","modified_gmt":"2022-10-18T03:52:57","slug":"migration-task-force-research-papers","status":"publish","type":"page","link":"https:\/\/wrmcouncil.org\/es\/migration-task-force-research-papers\/","title":{"rendered":"Migration Task Force Research Papers"},"content":{"rendered":"\t\t<div data-elementor-type=\"wp-page\" data-elementor-id=\"7304\" class=\"elementor elementor-7304\" data-elementor-post-type=\"page\">\n\t\t\t\t\t\t<section class=\"elementor-section elementor-top-section elementor-element elementor-element-586f8a7 elementor-section-boxed elementor-section-height-default elementor-section-height-default\" data-id=\"586f8a7\" data-element_type=\"section\" data-e-type=\"section\">\n\t\t\t\t\t\t<div class=\"elementor-container elementor-column-gap-default\">\n\t\t\t\t\t<div class=\"elementor-column elementor-col-100 elementor-top-column elementor-element elementor-element-15f6f4e\" data-id=\"15f6f4e\" data-element_type=\"column\" data-e-type=\"column\">\n\t\t\t<div class=\"elementor-widget-wrap elementor-element-populated\">\n\t\t\t\t\t\t<div class=\"elementor-element elementor-element-7888546 elementor-widget elementor-widget-heading\" data-id=\"7888546\" data-element_type=\"widget\" data-e-type=\"widget\" data-widget_type=\"heading.default\">\n\t\t\t\t<div class=\"elementor-widget-container\">\n\t\t\t\t\t<h1 class=\"elementor-heading-title elementor-size-default\"><span style=\"color: var( --e-global-color-0d88df8 );text-transform: none;white-space: normal;font-size: 40px;clear: both\">North and Central American Task Force on Migration<\/span><div><br><\/div><\/h1>\t\t\t\t<\/div>\n\t\t\t\t<\/div>\n\t\t\t\t\t<\/div>\n\t\t<\/div>\n\t\t\t\t\t<\/div>\n\t\t<\/section>\n\t\t\t\t<section class=\"elementor-section elementor-top-section elementor-element elementor-element-c264459 elementor-section-boxed elementor-section-height-default elementor-section-height-default\" data-id=\"c264459\" data-element_type=\"section\" data-e-type=\"section\">\n\t\t\t\t\t\t<div class=\"elementor-container elementor-column-gap-default\">\n\t\t\t\t\t<div class=\"elementor-column elementor-col-100 elementor-top-column elementor-element elementor-element-7aa4745\" data-id=\"7aa4745\" data-element_type=\"column\" data-e-type=\"column\">\n\t\t\t<div class=\"elementor-widget-wrap elementor-element-populated\">\n\t\t\t\t\t\t<div class=\"elementor-element elementor-element-2dcaa55 elementor-widget elementor-widget-heading\" data-id=\"2dcaa55\" data-element_type=\"widget\" data-e-type=\"widget\" data-widget_type=\"heading.default\">\n\t\t\t\t<div class=\"elementor-widget-container\">\n\t\t\t\t\t<h2 class=\"elementor-heading-title elementor-size-default\">Research Papers<\/h2>\t\t\t\t<\/div>\n\t\t\t\t<\/div>\n\t\t\t\t\t<\/div>\n\t\t<\/div>\n\t\t\t\t\t<\/div>\n\t\t<\/section>\n\t\t\t\t<section class=\"elementor-section elementor-top-section elementor-element elementor-element-416a897 elementor-section-boxed elementor-section-height-default elementor-section-height-default\" data-id=\"416a897\" data-element_type=\"section\" data-e-type=\"section\">\n\t\t\t\t\t\t<div class=\"elementor-container elementor-column-gap-default\">\n\t\t\t\t\t<div class=\"elementor-column elementor-col-100 elementor-top-column elementor-element elementor-element-4c9c63c\" data-id=\"4c9c63c\" data-element_type=\"column\" data-e-type=\"column\">\n\t\t\t<div class=\"elementor-widget-wrap\">\n\t\t\t\t\t\t\t<\/div>\n\t\t<\/div>\n\t\t\t\t\t<\/div>\n\t\t<\/section>\n\t\t\t\t<section class=\"elementor-section elementor-top-section elementor-element elementor-element-1113672 elementor-section-boxed elementor-section-height-default elementor-section-height-default\" data-id=\"1113672\" data-element_type=\"section\" data-e-type=\"section\">\n\t\t\t\t\t\t<div class=\"elementor-container elementor-column-gap-default\">\n\t\t\t\t\t<div class=\"elementor-column elementor-col-66 elementor-top-column elementor-element elementor-element-107c3b6\" data-id=\"107c3b6\" data-element_type=\"column\" data-e-type=\"column\">\n\t\t\t<div class=\"elementor-widget-wrap elementor-element-populated\">\n\t\t\t\t\t\t<div class=\"elementor-element elementor-element-744677b elementor-widget elementor-widget-text-editor\" data-id=\"744677b\" data-element_type=\"widget\" data-e-type=\"widget\" data-widget_type=\"text-editor.default\">\n\t\t\t\t<div class=\"elementor-widget-container\">\n\t\t\t\t\t\t\t\t\t<ul><li><a href=\"https:\/\/wrmcouncil.org\/publications\/research-paper\/narratives-of-migration-and-integration-of-central-american-migrants-in-the-us-and-canada\/\"><span style=\"font-size: 1rem;\"><strong>Narratives of Migration and Integration of Central American Migrants in the US and Canada<\/strong>\u00a0<\/span><\/a><span style=\"font-size: 1rem;\">\u2014 Leisy J. Abrego [<a href=\"https:\/\/wrmcouncil.org\/wp-content\/uploads\/2022\/01\/Task-Force-Research-Paper-Abrego-narratives-of-migration-final.pdf\">PDF<\/a>]<\/span><\/li><li><a href=\"https:\/\/wrmcouncil.org\/publications\/research-paper\/estado-de-derecho-en-centroamerica-consideraciones-economicas-y-fiscales-de-la-migracion-forzada\/\"><strong>Estado de Derecho en Centroam\u00e9rica: consideraciones econ\u00f3micas y fiscales de la migraci\u00f3n forzada<\/strong> \u2014 Carlos Alvarado<\/a> [<a href=\"https:\/\/wrmcouncil.org\/wp-content\/uploads\/dlm_uploads\/2022\/01\/Task-Force-Research-Paper-Alvarado-consideraciones-economicas-fiscales-ES.pdf\">PDF<\/a>]<\/li><li><a href=\"https:\/\/wrmcouncil.org\/publications\/research-paper\/organizaciones-regionales-y-migracion-en-centroamerica\/\"><strong>Organizaciones regionales y migraci\u00f3n en Centroam\u00e9rica<\/strong> \u2014 Mar\u00eda Eugenia Anguiano T\u00e9llez<\/a> [<a href=\"https:\/\/wrmcouncil.org\/wp-content\/uploads\/dlm_uploads\/2022\/01\/Task-Force-Research-Paper-Anguiano-Tellez-org-regionales-y-migracion-ES.pdf\">PDF<\/a>]<\/li><li><a href=\"https:\/\/wrmcouncil.org\/publications\/research-paper\/integracion-desigual-en-mexico-brechas-y-retos-para-la-integracion-de-inmigrantes-centroamericanos-en-los-inicios-del-siglo-xxi\/\"><strong>Integraci\u00f3n desigual en M\u00e9xico: Brechas y retos para la integraci\u00f3n de inmigrantes centroamericanos en los inicios del siglo XXI<\/strong> \u2014 Andrea Bautista Le\u00f3n, Mar\u00eda Adela Angoa P\u00e9rez y Silvia Elena Giorguli Saucedo (Colegio de M\u00e9xico)<\/a> [<a href=\"https:\/\/wrmcouncil.org\/wp-content\/uploads\/dlm_uploads\/2022\/01\/Task-Force-Research-Paper-Colegio-de-Mexico-integracion-desigual-Mexico-ES.pdf\">PDF<\/a>]<\/li><li><a href=\"https:\/\/wrmcouncil.org\/publications\/research-paper\/alternative-protection-pathways-in-the-americas\/\"><strong>Alternative Protection Pathways in the Americas<\/strong> \u2014 Jennifer Bond<\/a> [<a href=\"https:\/\/wrmcouncil.org\/wp-content\/uploads\/dlm_uploads\/2022\/01\/Task-Force-Research-Paper-Bond-Alternative-Pathways-EN.pdf\">PDF<\/a>]<\/li><li><a href=\"https:\/\/wrmcouncil.org\/publications\/research-paper\/pathways-for-labor-migration-from-northern-central-america-five-difficult-but-necessary-proposals\/\"><strong>Pathways for Labor Migration from Northern Central America: Five Difficult but Necessary Proposals<\/strong> \u2014 Michael A. Clemens<\/a> [<a href=\"https:\/\/wrmcouncil.org\/wp-content\/uploads\/dlm_uploads\/2022\/01\/Task-Force-Research-Paper-Clemens-Pathways-for-Labour-Migration-EN.pdf\">PDF<\/a>]<\/li><li><a href=\"https:\/\/wrmcouncil.org\/publications\/research-paper\/environmental-drivers-of-migration-from-northern-central-america\/\"><strong>Environmental Drivers of Migration from Northern Central America<\/strong> \u2014 Pablo Escribano<\/a> [<a href=\"https:\/\/wrmcouncil.org\/wp-content\/uploads\/dlm_uploads\/2022\/01\/Task-Force-Research-Paper-Escribano-Environmental-Drivers-EN.pdf\">PDF<\/a>]<\/li><li><a href=\"https:\/\/wrmcouncil.org\/publications\/research-paper\/la-pobreza-como-causa-esencial-de-la-expulsion-humana-y-la-migracion-centroamerica-2021-2022\/\"><strong>La pobreza como causa esencial de la expulsi\u00f3n humana y la migraci\u00f3n (Centroam\u00e9rica 2021-2022)<\/strong> \u2014 Jaime Ord\u00f3\u00f1ez<\/a> [<a href=\"https:\/\/wrmcouncil.org\/wp-content\/uploads\/dlm_uploads\/2022\/01\/Task-Force-Research-Paper-Ordonez-Pobreza-migracion-final-ES2.pdf\">PDF<\/a>]<\/li><li><a href=\"https:\/\/wrmcouncil.org\/publications\/research-paper\/reintegracion-y-retorno-forzado-en-el-norte-de-centro-america\/\"><strong>Reintegraci\u00f3n y retorno forzado en el norte de Centro Am\u00e9rica<\/strong> \u2014 Organizaci\u00f3n Internacional para las Migraciones<\/a> [<a href=\"https:\/\/wrmcouncil.org\/wp-content\/uploads\/dlm_uploads\/2022\/01\/Task-Force-Research-Paper-OIM-reintegracion-retornados-ES.pdf\">PDF<\/a>]<\/li><li><a href=\"https:\/\/wrmcouncil.org\/publications\/research-paper\/migrant-remittances-to-central-america-and-options-for-development\/\"><strong>Migrant Remittances to Central America and Options for Development<\/strong> \u2014 Manuel Orozco<\/a> [<a href=\"https:\/\/wrmcouncil.org\/wp-content\/uploads\/dlm_uploads\/2022\/01\/Task-Force-Research-Paper-Orozco-Migrant-Remittances-EN.pdf\">PDF<\/a>]<\/li><li><a href=\"https:\/\/wrmcouncil.org\/publications\/research-paper\/criminal-governance-in-northern-central-america\/\"><strong>Criminal Governance in Northern Central America<\/strong> \u2014 Pamela Ruiz<\/a> [<a href=\"https:\/\/wrmcouncil.org\/wp-content\/uploads\/dlm_uploads\/2022\/01\/Task-Force-Research-Paper-Ruiz-Criminal-Governance-EN.pdf\">PDF<\/a>]<\/li><li><a href=\"https:\/\/wrmcouncil.org\/publications\/research-paper\/strengthening-regional-cooperation-on-migration-from-central-america-possible-ways-forward\/\"><strong>Strengthening Regional Cooperation on Migration from Central America: Possible Ways Forward<\/strong> \u2014 Ariel G. Ruiz Soto<\/a> [<a href=\"https:\/\/wrmcouncil.org\/wp-content\/uploads\/dlm_uploads\/2022\/01\/Task-Force-Research-Paper-Ruiz-Soto-Strengthening-Regional-Cooperation-EN.pdf\">PDF<\/a>]<\/li><\/ul>\t\t\t\t\t\t\t\t<\/div>\n\t\t\t\t<\/div>\n\t\t\t\t\t<\/div>\n\t\t<\/div>\n\t\t\t\t<div class=\"elementor-column elementor-col-33 elementor-top-column elementor-element elementor-element-8cb5455\" data-id=\"8cb5455\" data-element_type=\"column\" data-e-type=\"column\">\n\t\t\t<div class=\"elementor-widget-wrap elementor-element-populated\">\n\t\t\t\t\t\t<div class=\"elementor-element elementor-element-7d62cd1 elementor-widget elementor-widget-text-editor\" data-id=\"7d62cd1\" data-element_type=\"widget\" data-e-type=\"widget\" data-widget_type=\"text-editor.default\">\n\t\t\t\t<div class=\"elementor-widget-container\">\n\t\t\t\t\t\t\t\t\t<p>North and Central American Task Force on Migration Research Papers were commissioned\u00a0by the World Refugee &amp; Migration Council (WRMC) through a partnership with the Center for U.S.-Mexican Studies, El Colegio de M\u00e9xico, the Migration Policy Institute and the Inter-American Dialogue and are published in their original language.\u00a0The research papers reflect the analysis of the author and not necessarily that of North and Central American Task Force on Migration members. The research has received financial support from Global Affairs Canada and Immigration, Refugees and Citizenship Canada.<\/p><p>More on the <a href=\"https:\/\/wrmcouncil.org\/north-and-central-american-task-force-on-migration\/\">North and Central American Task Force on Migration home page<\/a>.<\/p>\t\t\t\t\t\t\t\t<\/div>\n\t\t\t\t<\/div>\n\t\t\t\t\t<\/div>\n\t\t<\/div>\n\t\t\t\t\t<\/div>\n\t\t<\/section>\n\t\t\t\t<\/div>\n\t\t","protected":false},"excerpt":{"rendered":"<p>North and Central American Task Force on Migration Research Papers Narratives of Migration and Integration of Central American Migrants in the US and Canada\u00a0\u2014 Leisy J. Abrego [PDF] Estado de Derecho en Centroam\u00e9rica: consideraciones econ\u00f3micas y fiscales de la migraci\u00f3n forzada \u2014 Carlos Alvarado [PDF] Organizaciones regionales y migraci\u00f3n en Centroam\u00e9rica \u2014 Mar\u00eda Eugenia Anguiano [&hellip;]<\/p>\n","protected":false},"author":1,"featured_media":0,"parent":0,"menu_order":0,"comment_status":"closed","ping_status":"closed","template":"elementor_header_footer","meta":{"inline_featured_image":false,"cybocfi_hide_featured_image":"","footnotes":""},"class_list":["post-7304","page","type-page","status-publish","hentry"],"yoast_head":"<!-- This site is optimized with the Yoast SEO plugin v27.3 - https:\/\/yoast.com\/product\/yoast-seo-wordpress\/ -->\n<title>Migration Task Force Research Papers - World Refugee and Migration Council<\/title>\n<meta name=\"robots\" content=\"index, follow, max-snippet:-1, max-image-preview:large, max-video-preview:-1\" \/>\n<link rel=\"canonical\" href=\"https:\/\/zunokscx.elementor.cloud\/migration-task-force-research-papers\/\" \/>\n<meta property=\"og:locale\" content=\"es_MX\" \/>\n<meta property=\"og:type\" content=\"article\" \/>\n<meta property=\"og:title\" content=\"Migration Task Force Research Papers - World Refugee and Migration Council\" \/>\n<meta property=\"og:description\" content=\"North and Central American Task Force on Migration Research Papers Narratives of Migration and Integration of Central American Migrants in the US and Canada\u00a0\u2014 Leisy J. Abrego [PDF] Estado de Derecho en Centroam\u00e9rica: consideraciones econ\u00f3micas y fiscales de la migraci\u00f3n forzada \u2014 Carlos Alvarado [PDF] Organizaciones regionales y migraci\u00f3n en Centroam\u00e9rica \u2014 Mar\u00eda Eugenia Anguiano [&hellip;]\" \/>\n<meta property=\"og:url\" content=\"https:\/\/zunokscx.elementor.cloud\/migration-task-force-research-papers\/\" \/>\n<meta property=\"og:site_name\" content=\"World Refugee and Migration Council\" \/>\n<meta property=\"article:publisher\" content=\"https:\/\/facebook.com\/wrmcouncil\" \/>\n<meta property=\"article:modified_time\" content=\"2022-10-18T03:52:57+00:00\" \/>\n<meta name=\"twitter:card\" content=\"summary_large_image\" \/>\n<meta name=\"twitter:site\" content=\"@wrmcouncil\" \/>\n<meta name=\"twitter:label1\" content=\"Tiempo de lectura\" \/>\n\t<meta name=\"twitter:data1\" content=\"2 minutos\" \/>\n<script type=\"application\/ld+json\" class=\"yoast-schema-graph\">{\"@context\":\"https:\\\/\\\/schema.org\",\"@graph\":[{\"@type\":\"WebPage\",\"@id\":\"https:\\\/\\\/zunokscx.elementor.cloud\\\/migration-task-force-research-papers\\\/\",\"url\":\"https:\\\/\\\/zunokscx.elementor.cloud\\\/migration-task-force-research-papers\\\/\",\"name\":\"Migration Task Force Research Papers - World Refugee and Migration Council\",\"isPartOf\":{\"@id\":\"https:\\\/\\\/zunokscx.elementor.cloud\\\/#website\"},\"datePublished\":\"2022-01-14T04:52:28+00:00\",\"dateModified\":\"2022-10-18T03:52:57+00:00\",\"breadcrumb\":{\"@id\":\"https:\\\/\\\/zunokscx.elementor.cloud\\\/migration-task-force-research-papers\\\/#breadcrumb\"},\"inLanguage\":\"es\",\"potentialAction\":[{\"@type\":\"ReadAction\",\"target\":[\"https:\\\/\\\/zunokscx.elementor.cloud\\\/migration-task-force-research-papers\\\/\"]}]},{\"@type\":\"BreadcrumbList\",\"@id\":\"https:\\\/\\\/zunokscx.elementor.cloud\\\/migration-task-force-research-papers\\\/#breadcrumb\",\"itemListElement\":[{\"@type\":\"ListItem\",\"position\":1,\"name\":\"Home\",\"item\":\"https:\\\/\\\/wrmcouncil.org\\\/\"},{\"@type\":\"ListItem\",\"position\":2,\"name\":\"Migration Task Force Research Papers\"}]},{\"@type\":\"WebSite\",\"@id\":\"https:\\\/\\\/zunokscx.elementor.cloud\\\/#website\",\"url\":\"https:\\\/\\\/zunokscx.elementor.cloud\\\/\",\"name\":\"World Refugee and Migration Council\",\"description\":\"Actions to Transform the Global Refugee and Migration Systems\",\"publisher\":{\"@id\":\"https:\\\/\\\/zunokscx.elementor.cloud\\\/#organization\"},\"potentialAction\":[{\"@type\":\"SearchAction\",\"target\":{\"@type\":\"EntryPoint\",\"urlTemplate\":\"https:\\\/\\\/zunokscx.elementor.cloud\\\/?s={search_term_string}\"},\"query-input\":{\"@type\":\"PropertyValueSpecification\",\"valueRequired\":true,\"valueName\":\"search_term_string\"}}],\"inLanguage\":\"es\"},{\"@type\":\"Organization\",\"@id\":\"https:\\\/\\\/zunokscx.elementor.cloud\\\/#organization\",\"name\":\"World Refugee & Migration Council\",\"url\":\"https:\\\/\\\/zunokscx.elementor.cloud\\\/\",\"logo\":{\"@type\":\"ImageObject\",\"inLanguage\":\"es\",\"@id\":\"https:\\\/\\\/zunokscx.elementor.cloud\\\/#\\\/schema\\\/logo\\\/image\\\/\",\"url\":\"https:\\\/\\\/wrmcouncil.org\\\/wp-content\\\/uploads\\\/2020\\\/07\\\/WRMC-logo_en-round-avatar.jpg\",\"contentUrl\":\"https:\\\/\\\/wrmcouncil.org\\\/wp-content\\\/uploads\\\/2020\\\/07\\\/WRMC-logo_en-round-avatar.jpg\",\"width\":313,\"height\":313,\"caption\":\"World Refugee & Migration Council\"},\"image\":{\"@id\":\"https:\\\/\\\/zunokscx.elementor.cloud\\\/#\\\/schema\\\/logo\\\/image\\\/\"},\"sameAs\":[\"https:\\\/\\\/facebook.com\\\/wrmcouncil\",\"https:\\\/\\\/x.com\\\/wrmcouncil\"]}]}<\/script>\n<!-- \/ Yoast SEO plugin. -->","yoast_head_json":{"title":"Migration Task Force Research Papers - World Refugee and Migration Council","robots":{"index":"index","follow":"follow","max-snippet":"max-snippet:-1","max-image-preview":"max-image-preview:large","max-video-preview":"max-video-preview:-1"},"canonical":"https:\/\/zunokscx.elementor.cloud\/migration-task-force-research-papers\/","og_locale":"es_MX","og_type":"article","og_title":"Migration Task Force Research Papers - World Refugee and Migration Council","og_description":"North and Central American Task Force on Migration Research Papers Narratives of Migration and Integration of Central American Migrants in the US and Canada\u00a0\u2014 Leisy J. Abrego [PDF] Estado de Derecho en Centroam\u00e9rica: consideraciones econ\u00f3micas y fiscales de la migraci\u00f3n forzada \u2014 Carlos Alvarado [PDF] Organizaciones regionales y migraci\u00f3n en Centroam\u00e9rica \u2014 Mar\u00eda Eugenia Anguiano [&hellip;]","og_url":"https:\/\/zunokscx.elementor.cloud\/migration-task-force-research-papers\/","og_site_name":"World Refugee and Migration Council","article_publisher":"https:\/\/facebook.com\/wrmcouncil","article_modified_time":"2022-10-18T03:52:57+00:00","twitter_card":"summary_large_image","twitter_site":"@wrmcouncil","twitter_misc":{"Tiempo de lectura":"2 minutos"},"schema":{"@context":"https:\/\/schema.org","@graph":[{"@type":"WebPage","@id":"https:\/\/zunokscx.elementor.cloud\/migration-task-force-research-papers\/","url":"https:\/\/zunokscx.elementor.cloud\/migration-task-force-research-papers\/","name":"Migration Task Force Research Papers - World Refugee and Migration Council","isPartOf":{"@id":"https:\/\/zunokscx.elementor.cloud\/#website"},"datePublished":"2022-01-14T04:52:28+00:00","dateModified":"2022-10-18T03:52:57+00:00","breadcrumb":{"@id":"https:\/\/zunokscx.elementor.cloud\/migration-task-force-research-papers\/#breadcrumb"},"inLanguage":"es","potentialAction":[{"@type":"ReadAction","target":["https:\/\/zunokscx.elementor.cloud\/migration-task-force-research-papers\/"]}]},{"@type":"BreadcrumbList","@id":"https:\/\/zunokscx.elementor.cloud\/migration-task-force-research-papers\/#breadcrumb","itemListElement":[{"@type":"ListItem","position":1,"name":"Home","item":"https:\/\/wrmcouncil.org\/"},{"@type":"ListItem","position":2,"name":"Migration Task Force Research Papers"}]},{"@type":"WebSite","@id":"https:\/\/zunokscx.elementor.cloud\/#website","url":"https:\/\/zunokscx.elementor.cloud\/","name":"World Refugee and Migration Council","description":"Actions to Transform the Global Refugee and Migration Systems","publisher":{"@id":"https:\/\/zunokscx.elementor.cloud\/#organization"},"potentialAction":[{"@type":"SearchAction","target":{"@type":"EntryPoint","urlTemplate":"https:\/\/zunokscx.elementor.cloud\/?s={search_term_string}"},"query-input":{"@type":"PropertyValueSpecification","valueRequired":true,"valueName":"search_term_string"}}],"inLanguage":"es"},{"@type":"Organization","@id":"https:\/\/zunokscx.elementor.cloud\/#organization","name":"Consejo Mundial para los Refugiados y la Migraci\u00f3n","url":"https:\/\/zunokscx.elementor.cloud\/","logo":{"@type":"ImageObject","inLanguage":"es","@id":"https:\/\/zunokscx.elementor.cloud\/#\/schema\/logo\/image\/","url":"https:\/\/wrmcouncil.org\/wp-content\/uploads\/2020\/07\/WRMC-logo_en-round-avatar.jpg","contentUrl":"https:\/\/wrmcouncil.org\/wp-content\/uploads\/2020\/07\/WRMC-logo_en-round-avatar.jpg","width":313,"height":313,"caption":"World Refugee & Migration Council"},"image":{"@id":"https:\/\/zunokscx.elementor.cloud\/#\/schema\/logo\/image\/"},"sameAs":["https:\/\/facebook.com\/wrmcouncil","https:\/\/x.com\/wrmcouncil"]}]}},"featured_image_src":null,"featured_image_src_square":null,"_links":{"self":[{"href":"https:\/\/wrmcouncil.org\/es\/wp-json\/wp\/v2\/pages\/7304","targetHints":{"allow":["GET"]}}],"collection":[{"href":"https:\/\/wrmcouncil.org\/es\/wp-json\/wp\/v2\/pages"}],"about":[{"href":"https:\/\/wrmcouncil.org\/es\/wp-json\/wp\/v2\/types\/page"}],"author":[{"embeddable":true,"href":"https:\/\/wrmcouncil.org\/es\/wp-json\/wp\/v2\/users\/1"}],"replies":[{"embeddable":true,"href":"https:\/\/wrmcouncil.org\/es\/wp-json\/wp\/v2\/comments?post=7304"}],"version-history":[{"count":0,"href":"https:\/\/wrmcouncil.org\/es\/wp-json\/wp\/v2\/pages\/7304\/revisions"}],"wp:attachment":[{"href":"https:\/\/wrmcouncil.org\/es\/wp-json\/wp\/v2\/media?parent=7304"}],"curies":[{"name":"wp","href":"https:\/\/api.w.org\/{rel}","templated":true}]}}